{"id":146,"date":"2022-09-22T14:02:12","date_gmt":"2022-09-22T12:02:12","guid":{"rendered":"https:\/\/kstojadinovic.eleves.mediamatique.ch\/option_web\/?page_id=146"},"modified":"2023-07-25T19:59:41","modified_gmt":"2023-07-25T17:59:41","slug":"mike-horn-aventures","status":"publish","type":"page","link":"http:\/\/kstojadinovic.eleves.mediamatique.ch\/option_web\/","title":{"rendered":"Les aventures de Mike Horn"},"content":{"rendered":"\t\t<div data-elementor-type=\"wp-page\" data-elementor-id=\"146\" class=\"elementor elementor-146\">\n\t\t\t\t\t\t\t\t\t<section class=\"elementor-section elementor-top-section elementor-element elementor-element-efdcf96 elementor-section-full_width elementor-section-height-min-height elementor-section-items-stretch elementor-hidden-mobile elementor-section-height-default\" data-id=\"efdcf96\" data-element_type=\"section\" data-settings=\"{&quot;background_background&quot;:&quot;classic&quot;}\">\n\t\t\t\t\t\t<div class=\"elementor-container elementor-column-gap-no\">\n\t\t\t\t\t<div class=\"elementor-column elementor-col-50 elementor-top-column elementor-element elementor-element-a7cd815\" data-id=\"a7cd815\" data-element_type=\"column\">\n\t\t\t<div class=\"elementor-widget-wrap elementor-element-populated\">\n\t\t\t\t\t\t\t\t<div class=\"elementor-element elementor-element-46707ba elementor-widget__width-inherit elementor-widget elementor-widget-image\" data-id=\"46707ba\" data-element_type=\"widget\" data-widget_type=\"image.default\">\n\t\t\t\t<div class=\"elementor-widget-container\">\n\t\t\t<style>\/*! elementor - v3.12.2 - 23-04-2023 *\/\n.elementor-widget-image{text-align:center}.elementor-widget-image a{display:inline-block}.elementor-widget-image a img[src$=\".svg\"]{width:48px}.elementor-widget-image img{vertical-align:middle;display:inline-block}<\/style>\t\t\t\t\t\t\t\t\t\t\t\t<img loading=\"lazy\" decoding=\"async\" width=\"807\" height=\"778\" src=\"http:\/\/kstojadinovic.eleves.mediamatique.ch\/option_web\/wp-content\/uploads\/2022\/09\/mike-horn-arctique.png\" class=\"attachment-full size-full wp-image-160\" alt=\"Mike Horn v\u00eatu d&#039;une veste polaire\" srcset=\"http:\/\/kstojadinovic.eleves.mediamatique.ch\/option_web\/wp-content\/uploads\/2022\/09\/mike-horn-arctique.png 807w, http:\/\/kstojadinovic.eleves.mediamatique.ch\/option_web\/wp-content\/uploads\/2022\/09\/mike-horn-arctique-300x289.png 300w, http:\/\/kstojadinovic.eleves.mediamatique.ch\/option_web\/wp-content\/uploads\/2022\/09\/mike-horn-arctique-768x740.png 768w\" sizes=\"auto, (max-width: 807px) 100vw, 807px\" \/>\t\t\t\t\t\t\t\t\t\t\t\t\t\t\t<\/div>\n\t\t\t\t<\/div>\n\t\t\t\t\t<\/div>\n\t\t<\/div>\n\t\t\t\t<div class=\"elementor-column elementor-col-50 elementor-top-column elementor-element elementor-element-e2b7953\" data-id=\"e2b7953\" data-element_type=\"column\">\n\t\t\t<div class=\"elementor-widget-wrap elementor-element-populated\">\n\t\t\t\t\t\t\t\t<div class=\"elementor-element elementor-element-5f54a03 elementor-widget elementor-widget-heading\" data-id=\"5f54a03\" data-element_type=\"widget\" data-widget_type=\"heading.default\">\n\t\t\t\t<div class=\"elementor-widget-container\">\n\t\t\t<style>\/*! elementor - v3.12.2 - 23-04-2023 *\/\n.elementor-heading-title{padding:0;margin:0;line-height:1}.elementor-widget-heading .elementor-heading-title[class*=elementor-size-]>a{color:inherit;font-size:inherit;line-height:inherit}.elementor-widget-heading .elementor-heading-title.elementor-size-small{font-size:15px}.elementor-widget-heading .elementor-heading-title.elementor-size-medium{font-size:19px}.elementor-widget-heading .elementor-heading-title.elementor-size-large{font-size:29px}.elementor-widget-heading .elementor-heading-title.elementor-size-xl{font-size:39px}.elementor-widget-heading .elementor-heading-title.elementor-size-xxl{font-size:59px}<\/style><h2 class=\"elementor-heading-title elementor-size-default\">Mike<\/h2>\t\t<\/div>\n\t\t\t\t<\/div>\n\t\t\t\t<div class=\"elementor-element elementor-element-730ee1f elementor-widget elementor-widget-heading\" data-id=\"730ee1f\" data-element_type=\"widget\" data-widget_type=\"heading.default\">\n\t\t\t\t<div class=\"elementor-widget-container\">\n\t\t\t<h2 class=\"elementor-heading-title elementor-size-default\">horn<\/h2>\t\t<\/div>\n\t\t\t\t<\/div>\n\t\t\t\t<div class=\"elementor-element elementor-element-5d82de3 elementor-widget elementor-widget-heading\" data-id=\"5d82de3\" data-element_type=\"widget\" data-widget_type=\"heading.default\">\n\t\t\t\t<div class=\"elementor-widget-container\">\n\t\t\t<h2 class=\"elementor-heading-title elementor-size-default\">l'explorateur de l'extr\u00eame<\/h2>\t\t<\/div>\n\t\t\t\t<\/div>\n\t\t\t\t<div class=\"elementor-element elementor-element-2e18704 elementor-absolute elementor-widget elementor-widget-image\" data-id=\"2e18704\" data-element_type=\"widget\" data-settings=\"{&quot;_position&quot;:&quot;absolute&quot;,&quot;motion_fx_motion_fx_scrolling&quot;:&quot;yes&quot;,&quot;motion_fx_translateX_effect&quot;:&quot;yes&quot;,&quot;motion_fx_translateX_speed&quot;:{&quot;unit&quot;:&quot;px&quot;,&quot;size&quot;:2.7,&quot;sizes&quot;:[]},&quot;motion_fx_translateX_affectedRange&quot;:{&quot;unit&quot;:&quot;%&quot;,&quot;size&quot;:&quot;&quot;,&quot;sizes&quot;:{&quot;start&quot;:51,&quot;end&quot;:68}},&quot;motion_fx_opacity_effect&quot;:&quot;yes&quot;,&quot;motion_fx_opacity_range&quot;:{&quot;unit&quot;:&quot;%&quot;,&quot;size&quot;:&quot;&quot;,&quot;sizes&quot;:{&quot;start&quot;:50,&quot;end&quot;:66}},&quot;motion_fx_range&quot;:&quot;viewport&quot;,&quot;motion_fx_opacity_direction&quot;:&quot;out-in&quot;,&quot;motion_fx_opacity_level&quot;:{&quot;unit&quot;:&quot;px&quot;,&quot;size&quot;:10,&quot;sizes&quot;:[]},&quot;motion_fx_devices&quot;:[&quot;desktop&quot;,&quot;tablet&quot;,&quot;mobile&quot;]}\" data-widget_type=\"image.default\">\n\t\t\t\t<div class=\"elementor-widget-container\">\n\t\t\t\t\t\t\t\t\t\t\t\t\t\t\t<img loading=\"lazy\" decoding=\"async\" width=\"800\" height=\"394\" src=\"http:\/\/kstojadinovic.eleves.mediamatique.ch\/option_web\/wp-content\/uploads\/2022\/09\/brume.png\" class=\"attachment-full size-full wp-image-167\" alt=\"Brume\" srcset=\"http:\/\/kstojadinovic.eleves.mediamatique.ch\/option_web\/wp-content\/uploads\/2022\/09\/brume.png 800w, http:\/\/kstojadinovic.eleves.mediamatique.ch\/option_web\/wp-content\/uploads\/2022\/09\/brume-300x148.png 300w, http:\/\/kstojadinovic.eleves.mediamatique.ch\/option_web\/wp-content\/uploads\/2022\/09\/brume-768x378.png 768w\" sizes=\"auto, (max-width: 800px) 100vw, 800px\" \/>\t\t\t\t\t\t\t\t\t\t\t\t\t\t\t<\/div>\n\t\t\t\t<\/div>\n\t\t\t\t<div class=\"elementor-element elementor-element-3468042 elementor-align-center elementor-hidden-desktop elementor-hidden-tablet elementor-hidden-mobile elementor-widget elementor-widget-button\" data-id=\"3468042\" data-element_type=\"widget\" data-widget_type=\"button.default\">\n\t\t\t\t<div class=\"elementor-widget-container\">\n\t\t\t\t\t<div class=\"elementor-button-wrapper\">\n\t\t\t<a href=\"https:\/\/kstojadinovic.eleves.mediamatique.ch\/option_web\/expeditions\/\" target=\"_blank\" class=\"elementor-button-link elementor-button elementor-size-sm\" role=\"button\">\n\t\t\t\t\t\t<span class=\"elementor-button-content-wrapper\">\n\t\t\t\t\t\t<span class=\"elementor-button-text\">Toutes ses exp\u00e9ditions<\/span>\n\t\t<\/span>\n\t\t\t\t\t<\/a>\n\t\t<\/div>\n\t\t\t\t<\/div>\n\t\t\t\t<\/div>\n\t\t\t\t\t<\/div>\n\t\t<\/div>\n\t\t\t\t\t\t\t<\/div>\n\t\t<\/section>\n\t\t\t\t<section class=\"elementor-section elementor-top-section elementor-element elementor-element-1cb88a5 elementor-section-full_width elementor-section-height-min-height elementor-section-items-stretch elementor-hidden-desktop elementor-hidden-tablet elementor-section-height-default\" data-id=\"1cb88a5\" data-element_type=\"section\" data-settings=\"{&quot;background_background&quot;:&quot;classic&quot;}\">\n\t\t\t\t\t\t<div class=\"elementor-container elementor-column-gap-no\">\n\t\t\t\t\t<div class=\"elementor-column elementor-col-100 elementor-top-column elementor-element elementor-element-b42816b\" data-id=\"b42816b\" data-element_type=\"column\" data-settings=\"{&quot;background_background&quot;:&quot;classic&quot;,&quot;background_motion_fx_motion_fx_scrolling&quot;:&quot;yes&quot;,&quot;background_motion_fx_opacity_effect&quot;:&quot;yes&quot;,&quot;background_motion_fx_opacity_range&quot;:{&quot;unit&quot;:&quot;%&quot;,&quot;size&quot;:&quot;&quot;,&quot;sizes&quot;:{&quot;start&quot;:50,&quot;end&quot;:68}},&quot;background_motion_fx_opacity_direction&quot;:&quot;out-in&quot;,&quot;background_motion_fx_opacity_level&quot;:{&quot;unit&quot;:&quot;px&quot;,&quot;size&quot;:10,&quot;sizes&quot;:[]},&quot;background_motion_fx_devices&quot;:[&quot;desktop&quot;,&quot;tablet&quot;,&quot;mobile&quot;]}\">\n\t\t\t<div class=\"elementor-widget-wrap elementor-element-populated\">\n\t\t\t\t\t\t\t\t<div class=\"elementor-element elementor-element-78803e9 elementor-widget elementor-widget-heading\" data-id=\"78803e9\" data-element_type=\"widget\" data-widget_type=\"heading.default\">\n\t\t\t\t<div class=\"elementor-widget-container\">\n\t\t\t<h2 class=\"elementor-heading-title elementor-size-default\">Mike<\/h2>\t\t<\/div>\n\t\t\t\t<\/div>\n\t\t\t\t<div class=\"elementor-element elementor-element-935cf4b elementor-widget elementor-widget-heading\" data-id=\"935cf4b\" data-element_type=\"widget\" data-widget_type=\"heading.default\">\n\t\t\t\t<div class=\"elementor-widget-container\">\n\t\t\t<h2 class=\"elementor-heading-title elementor-size-default\">horn<\/h2>\t\t<\/div>\n\t\t\t\t<\/div>\n\t\t\t\t<div class=\"elementor-element elementor-element-4266015 elementor-widget elementor-widget-heading\" data-id=\"4266015\" data-element_type=\"widget\" data-widget_type=\"heading.default\">\n\t\t\t\t<div class=\"elementor-widget-container\">\n\t\t\t<h2 class=\"elementor-heading-title elementor-size-default\">l'explorateur de l'extr\u00eame<\/h2>\t\t<\/div>\n\t\t\t\t<\/div>\n\t\t\t\t<div class=\"elementor-element elementor-element-69e9017 elementor-absolute elementor-widget elementor-widget-image\" data-id=\"69e9017\" data-element_type=\"widget\" data-settings=\"{&quot;_position&quot;:&quot;absolute&quot;,&quot;motion_fx_motion_fx_scrolling&quot;:&quot;yes&quot;,&quot;motion_fx_translateX_effect&quot;:&quot;yes&quot;,&quot;motion_fx_translateX_speed&quot;:{&quot;unit&quot;:&quot;px&quot;,&quot;size&quot;:2.7,&quot;sizes&quot;:[]},&quot;motion_fx_translateX_affectedRange&quot;:{&quot;unit&quot;:&quot;%&quot;,&quot;size&quot;:&quot;&quot;,&quot;sizes&quot;:{&quot;start&quot;:51,&quot;end&quot;:68}},&quot;motion_fx_opacity_effect&quot;:&quot;yes&quot;,&quot;motion_fx_opacity_range&quot;:{&quot;unit&quot;:&quot;%&quot;,&quot;size&quot;:&quot;&quot;,&quot;sizes&quot;:{&quot;start&quot;:51,&quot;end&quot;:68}},&quot;motion_fx_range&quot;:&quot;viewport&quot;,&quot;motion_fx_opacity_direction&quot;:&quot;out-in&quot;,&quot;motion_fx_opacity_level&quot;:{&quot;unit&quot;:&quot;px&quot;,&quot;size&quot;:10,&quot;sizes&quot;:[]},&quot;motion_fx_devices&quot;:[&quot;desktop&quot;,&quot;tablet&quot;,&quot;mobile&quot;]}\" data-widget_type=\"image.default\">\n\t\t\t\t<div class=\"elementor-widget-container\">\n\t\t\t\t\t\t\t\t\t\t\t\t\t\t\t<img loading=\"lazy\" decoding=\"async\" width=\"800\" height=\"394\" src=\"http:\/\/kstojadinovic.eleves.mediamatique.ch\/option_web\/wp-content\/uploads\/2022\/09\/brume.png\" class=\"attachment-large size-large wp-image-167\" alt=\"Brume\" srcset=\"http:\/\/kstojadinovic.eleves.mediamatique.ch\/option_web\/wp-content\/uploads\/2022\/09\/brume.png 800w, http:\/\/kstojadinovic.eleves.mediamatique.ch\/option_web\/wp-content\/uploads\/2022\/09\/brume-300x148.png 300w, http:\/\/kstojadinovic.eleves.mediamatique.ch\/option_web\/wp-content\/uploads\/2022\/09\/brume-768x378.png 768w\" sizes=\"auto, (max-width: 800px) 100vw, 800px\" \/>\t\t\t\t\t\t\t\t\t\t\t\t\t\t\t<\/div>\n\t\t\t\t<\/div>\n\t\t\t\t\t<\/div>\n\t\t<\/div>\n\t\t\t\t\t\t\t<\/div>\n\t\t<\/section>\n\t\t\t\t<section class=\"elementor-section elementor-top-section elementor-element elementor-element-c1374e9 elementor-section-full_width elementor-section-height-min-height elementor-hidden-mobile elementor-section-height-default elementor-section-items-middle\" data-id=\"c1374e9\" data-element_type=\"section\" id=\"carte-explorations\" data-settings=\"{&quot;background_background&quot;:&quot;classic&quot;}\">\n\t\t\t\t\t\t<div class=\"elementor-container elementor-column-gap-no\">\n\t\t\t\t\t<div class=\"elementor-column elementor-col-100 elementor-top-column elementor-element elementor-element-d9f4c01\" data-id=\"d9f4c01\" data-element_type=\"column\">\n\t\t\t<div class=\"elementor-widget-wrap elementor-element-populated\">\n\t\t\t\t\t\t\t\t<div data-general_settings=\"{&quot;direction&quot;:&quot;alternate&quot;,&quot;loop&quot;:true,&quot;easing&quot;:&quot;easeInOutSine&quot;,&quot;target&quot;:&quot;&quot;}\" data-translate_effect=\"{&quot;x_param_from&quot;:0,&quot;x_param_to&quot;:0,&quot;y_param_from&quot;:0,&quot;y_param_to&quot;:11,&quot;duration&quot;:1300,&quot;delay&quot;:&quot;&quot;}\" class=\"elementor-element elementor-element-086dfb7 elementor-widget__width-initial elementor-absolute premium-floating-effects-yes elementor-view-default elementor-widget elementor-widget-icon\" data-id=\"086dfb7\" data-element_type=\"widget\" data-settings=\"{&quot;_position&quot;:&quot;absolute&quot;}\" data-widget_type=\"icon.default\">\n\t\t\t\t<div class=\"elementor-widget-container\">\n\t\t\t\t\t<div class=\"elementor-icon-wrapper\">\n\t\t\t<a class=\"elementor-icon elementor-animation-shrink\" href=\"http:\/\/kstojadinovic.eleves.mediamatique.ch\/option_web\/les-aventures-de-mike-horn-latitude-0\/\">\n\t\t\t<i aria-hidden=\"true\" class=\"fas fa-map-marker\"><\/i>\t\t\t<\/a>\n\t\t<\/div>\n\t\t\t\t<\/div>\n\t\t\t\t<\/div>\n\t\t\t\t<div data-general_settings=\"{&quot;direction&quot;:&quot;alternate&quot;,&quot;loop&quot;:true,&quot;easing&quot;:&quot;easeInOutSine&quot;,&quot;target&quot;:&quot;&quot;}\" data-translate_effect=\"{&quot;x_param_from&quot;:0,&quot;x_param_to&quot;:0,&quot;y_param_from&quot;:0,&quot;y_param_to&quot;:11,&quot;duration&quot;:1200,&quot;delay&quot;:&quot;&quot;}\" class=\"elementor-element elementor-element-6549ddf elementor-widget__width-initial elementor-absolute premium-floating-effects-yes elementor-view-default elementor-widget elementor-widget-icon\" data-id=\"6549ddf\" data-element_type=\"widget\" data-settings=\"{&quot;_position&quot;:&quot;absolute&quot;}\" data-widget_type=\"icon.default\">\n\t\t\t\t<div class=\"elementor-widget-container\">\n\t\t\t\t\t<div class=\"elementor-icon-wrapper\">\n\t\t\t<div class=\"elementor-icon elementor-animation-shrink\">\n\t\t\t<i aria-hidden=\"true\" class=\"fas fa-map-marker\"><\/i>\t\t\t<\/div>\n\t\t<\/div>\n\t\t\t\t<\/div>\n\t\t\t\t<\/div>\n\t\t\t\t<div data-general_settings=\"{&quot;direction&quot;:&quot;alternate&quot;,&quot;loop&quot;:true,&quot;easing&quot;:&quot;easeInOutSine&quot;,&quot;target&quot;:&quot;&quot;}\" data-translate_effect=\"{&quot;x_param_from&quot;:0,&quot;x_param_to&quot;:0,&quot;y_param_from&quot;:0,&quot;y_param_to&quot;:11,&quot;duration&quot;:1000,&quot;delay&quot;:&quot;&quot;}\" class=\"elementor-element elementor-element-719389c elementor-widget__width-initial elementor-absolute premium-floating-effects-yes elementor-view-default elementor-widget elementor-widget-icon\" data-id=\"719389c\" data-element_type=\"widget\" data-settings=\"{&quot;_position&quot;:&quot;absolute&quot;}\" data-widget_type=\"icon.default\">\n\t\t\t\t<div class=\"elementor-widget-container\">\n\t\t\t\t\t<div class=\"elementor-icon-wrapper\">\n\t\t\t<div class=\"elementor-icon elementor-animation-shrink\">\n\t\t\t<i aria-hidden=\"true\" class=\"fas fa-map-marker\"><\/i>\t\t\t<\/div>\n\t\t<\/div>\n\t\t\t\t<\/div>\n\t\t\t\t<\/div>\n\t\t\t\t<div data-general_settings=\"{&quot;direction&quot;:&quot;alternate&quot;,&quot;loop&quot;:true,&quot;easing&quot;:&quot;easeInOutSine&quot;,&quot;target&quot;:&quot;&quot;}\" data-translate_effect=\"{&quot;x_param_from&quot;:0,&quot;x_param_to&quot;:0,&quot;y_param_from&quot;:0,&quot;y_param_to&quot;:11,&quot;duration&quot;:1200,&quot;delay&quot;:&quot;&quot;}\" class=\"elementor-element elementor-element-b0474ff elementor-widget__width-initial elementor-absolute premium-floating-effects-yes elementor-view-default elementor-widget elementor-widget-icon\" data-id=\"b0474ff\" data-element_type=\"widget\" data-settings=\"{&quot;_position&quot;:&quot;absolute&quot;}\" data-widget_type=\"icon.default\">\n\t\t\t\t<div class=\"elementor-widget-container\">\n\t\t\t\t\t<div class=\"elementor-icon-wrapper\">\n\t\t\t<div class=\"elementor-icon elementor-animation-shrink\">\n\t\t\t<i aria-hidden=\"true\" class=\"fas fa-map-marker\"><\/i>\t\t\t<\/div>\n\t\t<\/div>\n\t\t\t\t<\/div>\n\t\t\t\t<\/div>\n\t\t\t\t<div data-general_settings=\"{&quot;direction&quot;:&quot;alternate&quot;,&quot;loop&quot;:true,&quot;easing&quot;:&quot;easeInOutSine&quot;,&quot;target&quot;:&quot;&quot;}\" data-translate_effect=\"{&quot;x_param_from&quot;:0,&quot;x_param_to&quot;:0,&quot;y_param_from&quot;:0,&quot;y_param_to&quot;:11,&quot;duration&quot;:1000,&quot;delay&quot;:&quot;&quot;}\" class=\"elementor-element elementor-element-42c8fa0 elementor-widget__width-initial elementor-absolute premium-floating-effects-yes elementor-view-default elementor-widget elementor-widget-icon\" data-id=\"42c8fa0\" data-element_type=\"widget\" data-settings=\"{&quot;_position&quot;:&quot;absolute&quot;}\" data-widget_type=\"icon.default\">\n\t\t\t\t<div class=\"elementor-widget-container\">\n\t\t\t\t\t<div class=\"elementor-icon-wrapper\">\n\t\t\t<div class=\"elementor-icon elementor-animation-shrink\">\n\t\t\t<i aria-hidden=\"true\" class=\"fas fa-map-marker\"><\/i>\t\t\t<\/div>\n\t\t<\/div>\n\t\t\t\t<\/div>\n\t\t\t\t<\/div>\n\t\t\t\t<div class=\"elementor-element elementor-element-4da4b18 elementor-widget__width-initial elementor-absolute elementor-widget elementor-widget-image\" data-id=\"4da4b18\" data-element_type=\"widget\" data-settings=\"{&quot;_position&quot;:&quot;absolute&quot;}\" data-widget_type=\"image.default\">\n\t\t\t\t<div class=\"elementor-widget-container\">\n\t\t\t\t\t\t\t\t\t\t\t\t\t\t\t<img loading=\"lazy\" decoding=\"async\" width=\"420\" height=\"269\" src=\"http:\/\/kstojadinovic.eleves.mediamatique.ch\/option_web\/wp-content\/uploads\/2022\/09\/bulle-texte-sec_2.png\" class=\"elementor-animation-wobble-vertical attachment-large size-large wp-image-205\" alt=\"Bulle de texte demandant de choisir une aventure sur la carte\" srcset=\"http:\/\/kstojadinovic.eleves.mediamatique.ch\/option_web\/wp-content\/uploads\/2022\/09\/bulle-texte-sec_2.png 420w, http:\/\/kstojadinovic.eleves.mediamatique.ch\/option_web\/wp-content\/uploads\/2022\/09\/bulle-texte-sec_2-300x192.png 300w\" sizes=\"auto, (max-width: 420px) 100vw, 420px\" \/>\t\t\t\t\t\t\t\t\t\t\t\t\t\t\t<\/div>\n\t\t\t\t<\/div>\n\t\t\t\t\t<\/div>\n\t\t<\/div>\n\t\t\t\t\t\t\t<\/div>\n\t\t<\/section>\n\t\t\t\t<section class=\"elementor-section elementor-top-section elementor-element elementor-element-8d49c2b elementor-section-full_width elementor-hidden-desktop elementor-hidden-tablet elementor-section-height-default elementor-section-height-default\" data-id=\"8d49c2b\" data-element_type=\"section\">\n\t\t\t\t\t\t<div class=\"elementor-container elementor-column-gap-no\">\n\t\t\t\t\t<div class=\"elementor-column elementor-col-100 elementor-top-column elementor-element elementor-element-7a42093\" data-id=\"7a42093\" data-element_type=\"column\">\n\t\t\t<div class=\"elementor-widget-wrap elementor-element-populated\">\n\t\t\t\t\t\t\t\t<div class=\"elementor-element elementor-element-512d8f9 premium-hscroll-force-true elementor-widget elementor-widget-premium-hscroll\" data-id=\"512d8f9\" data-element_type=\"widget\" data-settings=\"{&quot;section_repeater&quot;:[{&quot;_id&quot;:&quot;feac2e5&quot;,&quot;template_type&quot;:&quot;template&quot;,&quot;section_template&quot;:&quot;Carte des explorations - Les aventures de Mike Horn&quot;,&quot;section_id&quot;:null,&quot;live_temp_content&quot;:&quot;&quot;,&quot;anchor_id&quot;:&quot;&quot;,&quot;scroll_bg_transition&quot;:&quot;&quot;,&quot;scroll_bg_background&quot;:null,&quot;scroll_bg_color&quot;:null,&quot;scroll_bg_color_stop&quot;:null,&quot;scroll_bg_color_b&quot;:null,&quot;scroll_bg_color_b_stop&quot;:null,&quot;scroll_bg_gradient_type&quot;:null,&quot;scroll_bg_gradient_angle&quot;:null,&quot;scroll_bg_gradient_position&quot;:null,&quot;scroll_bg_image&quot;:null,&quot;scroll_bg_position&quot;:null,&quot;scroll_bg_xpos&quot;:null,&quot;scroll_bg_ypos&quot;:null,&quot;scroll_bg_attachment&quot;:null,&quot;scroll_bg_repeat&quot;:null,&quot;scroll_bg_size&quot;:null,&quot;scroll_bg_bg_width&quot;:null,&quot;scroll_bg_video_link&quot;:null,&quot;scroll_bg_video_start&quot;:null,&quot;scroll_bg_video_end&quot;:null,&quot;scroll_bg_play_once&quot;:null,&quot;scroll_bg_play_on_mobile&quot;:null,&quot;scroll_bg_privacy_mode&quot;:null,&quot;scroll_bg_video_fallback&quot;:null,&quot;scroll_bg_slideshow_gallery&quot;:null,&quot;scroll_bg_slideshow_loop&quot;:null,&quot;scroll_bg_slideshow_slide_duration&quot;:null,&quot;scroll_bg_slideshow_slide_transition&quot;:null,&quot;scroll_bg_slideshow_transition_duration&quot;:null,&quot;scroll_bg_slideshow_background_size&quot;:null,&quot;scroll_bg_slideshow_background_position&quot;:null,&quot;scroll_bg_slideshow_lazyload&quot;:null,&quot;scroll_bg_slideshow_ken_burns&quot;:null,&quot;scroll_bg_slideshow_ken_burns_zoom_direction&quot;:null,&quot;hide_section&quot;:&quot;&quot;}],&quot;slides&quot;:{&quot;unit&quot;:&quot;px&quot;,&quot;size&quot;:1,&quot;sizes&quot;:[]},&quot;slides_tablet&quot;:{&quot;unit&quot;:&quot;px&quot;,&quot;size&quot;:0.5,&quot;sizes&quot;:[]},&quot;slides_mobile&quot;:{&quot;unit&quot;:&quot;px&quot;,&quot;size&quot;:0.5,&quot;sizes&quot;:[]},&quot;distance&quot;:{&quot;unit&quot;:&quot;px&quot;,&quot;size&quot;:0,&quot;sizes&quot;:[]},&quot;distance_tablet&quot;:{&quot;unit&quot;:&quot;px&quot;,&quot;size&quot;:&quot;&quot;,&quot;sizes&quot;:[]},&quot;distance_mobile&quot;:{&quot;unit&quot;:&quot;px&quot;,&quot;size&quot;:&quot;&quot;,&quot;sizes&quot;:[]},&quot;trigger_offset&quot;:{&quot;unit&quot;:&quot;px&quot;,&quot;size&quot;:0,&quot;sizes&quot;:[]},&quot;trigger_offset_tablet&quot;:{&quot;unit&quot;:&quot;px&quot;,&quot;size&quot;:&quot;&quot;,&quot;sizes&quot;:[]},&quot;trigger_offset_mobile&quot;:{&quot;unit&quot;:&quot;px&quot;,&quot;size&quot;:&quot;&quot;,&quot;sizes&quot;:[]},&quot;scroll_effect&quot;:&quot;normal&quot;,&quot;scrub&quot;:&quot;true&quot;,&quot;scroll_speed&quot;:1,&quot;disable_on&quot;:[]}\" data-widget_type=\"premium-hscroll.default\">\n\t\t\t\t<div class=\"elementor-widget-container\">\n\t\t\t\t<div class=\"premium-hscroll-outer-wrap\">\r\n\t\t<div id=\"premium-hscroll-spacer-512d8f9\" class=\"premium-hscroll-spacer\"><\/div>\r\n\t\t\t<div id=\"premium-hscroll-wrap-512d8f9\" class=\"premium-hscroll-wrap premium-hscroll-arrows-hidden premium-hscroll-dots-hidden\" data-settings=\"{&quot;id&quot;:&quot;512d8f9&quot;,&quot;disableSnap&quot;:0,&quot;opacity&quot;:1,&quot;keyboard&quot;:&quot;&quot;,&quot;pagination&quot;:0,&quot;arrows&quot;:false,&quot;dots&quot;:false}\">\r\n\t\t\t\t\t\t\t\t\t\t\t<div class=\"premium-hscroll-arrow premium-hscroll-arrow-left\">\r\n\t\t\t\t\t<div class=\"premium-hscroll-wrap-icon\">\r\n\t\t\t\t\t\t\t\t\t\t\t<\/div>\r\n\t\t\t\t<\/div>\r\n\t\t\t\t\t\t<div class=\"premium-hscroll-slider\">\r\n\t\t\t\t<div id=\"premium-hscroll-scroller-wrap-512d8f9\" class=\"premium-hscroll-scroller-wrap\" data-progress=\"bottom\">\r\n\t\t\t\t\t<div class=\"premium-hscroll-sections-wrap\" data-scroll-opacity=\"1\">\r\n\t\t\t\t\t\t\t\t\t\t\t\t<div id=\"section_512d8f90\" class=\"premium-hscroll-temp\" data-hide=\"\">\r\n\t\t\t\t\t\t\t\t\t\t\t\t\t<\/div>\r\n\t\t\t\t\t\t\t\t\t\t\t<\/div>\r\n\t\t\t\t\t<div class=\"premium-hscroll-progress\">\r\n\t\t\t\t\t\t<div id=\"premium-hscroll-progress-line-512d8f9\" class=\"premium-hscroll-progress-line\"><\/div>\r\n\t\t\t\t\t<\/div>\r\n\t\t\t\t<\/div>\r\n\t\t\t<\/div>\r\n\t\t\t\t\t\t\t<div class=\"premium-hscroll-arrow premium-hscroll-arrow-right\">\r\n\t\t\t\t\t<div class=\"premium-hscroll-wrap-icon\">\r\n\t\t\t\t\t\t\t\t\t\t\t<\/div>\r\n\t\t\t\t<\/div>\r\n\r\n\t\t\t\t<div class=\"premium-hscroll-nav\">\r\n\t\t\t\t\t<ul class=\"premium-hscroll-nav-list dots\">\r\n\t\t\t\t\t\t\t\t\t\t\t\t\t<li class=\"premium-hscroll-nav-item\" data-slide=\"section_512d8f90\">\r\n\t\t\t\t\t\t\t\t<span class=\"premium-hscroll-nav-dot\"><\/span>\r\n\t\t\t\t\t\t\t\t\t\t\t\t\t\t\t<\/li>\r\n\t\t\t\t\t\t\t\t\t\t\t<\/ul>\r\n\t\t\t\t<\/div>\r\n\t\t\t\t\t\t<\/div>\r\n\t<\/div>\r\n\t\t\t\t<\/div>\n\t\t\t\t<\/div>\n\t\t\t\t\t<\/div>\n\t\t<\/div>\n\t\t\t\t\t\t\t<\/div>\n\t\t<\/section>\n\t\t\t\t\t\t\t<\/div>\n\t\t","protected":false},"excerpt":{"rendered":"<p>Mike horn l&rsquo;explorateur de l&rsquo;extr\u00eame Toutes ses exp\u00e9ditions Mike horn l&rsquo;explorateur de l&rsquo;extr\u00eame<\/p>\n","protected":false},"author":1,"featured_media":0,"parent":0,"menu_order":0,"comment_status":"closed","ping_status":"closed","template":"","meta":{"footnotes":""},"class_list":["post-146","page","type-page","status-publish","hentry"],"_links":{"self":[{"href":"http:\/\/kstojadinovic.eleves.mediamatique.ch\/option_web\/wp-json\/wp\/v2\/pages\/146","targetHints":{"allow":["GET"]}}],"collection":[{"href":"http:\/\/kstojadinovic.eleves.mediamatique.ch\/option_web\/wp-json\/wp\/v2\/pages"}],"about":[{"href":"http:\/\/kstojadinovic.eleves.mediamatique.ch\/option_web\/wp-json\/wp\/v2\/types\/page"}],"author":[{"embeddable":true,"href":"http:\/\/kstojadinovic.eleves.mediamatique.ch\/option_web\/wp-json\/wp\/v2\/users\/1"}],"replies":[{"embeddable":true,"href":"http:\/\/kstojadinovic.eleves.mediamatique.ch\/option_web\/wp-json\/wp\/v2\/comments?post=146"}],"version-history":[{"count":323,"href":"http:\/\/kstojadinovic.eleves.mediamatique.ch\/option_web\/wp-json\/wp\/v2\/pages\/146\/revisions"}],"predecessor-version":[{"id":951,"href":"http:\/\/kstojadinovic.eleves.mediamatique.ch\/option_web\/wp-json\/wp\/v2\/pages\/146\/revisions\/951"}],"wp:attachment":[{"href":"http:\/\/kstojadinovic.eleves.mediamatique.ch\/option_web\/wp-json\/wp\/v2\/media?parent=146"}],"curies":[{"name":"wp","href":"https:\/\/api.w.org\/{rel}","templated":true}]}}